{"id":129,"date":"2014-11-24T15:22:50","date_gmt":"2014-11-24T15:22:50","guid":{"rendered":"http:\/\/www.fegon.es\/wordpress\/?page_id=129"},"modified":"2019-05-06T23:09:44","modified_gmt":"2019-05-06T22:09:44","slug":"nuevas-tecnologias","status":"publish","type":"page","link":"https:\/\/www.fegon.es\/wordpress\/nuevas-tecnologias\/","title":{"rendered":"Nuevas Tecnolog\u00edas"},"content":{"rendered":"<p style=\"text-align: justify;\"><strong>Transportes FEG\u00d3N<\/strong> ha apostado fuerte por las nuevas tecnolog\u00edas.\u00a0 Gracias a \u00e9stas, hemos conseguido incrementar la velocidad y la calidad de nuestros servicios, as\u00ed como la comunicaci\u00f3n con los clientes.<\/p>\n<p style=\"text-align: justify;\">Nuestra empresa dispone acceso digital a las plataformas portuarias, localizaci\u00f3n de los veh\u00edculos en tiempo real, sistemas en comunicaci\u00f3n en tiempo real con los proveedores, clientes y nuestros propios conductores, intranet y servicios\u00a0en la nube.<\/p>\n","protected":false},"excerpt":{"rendered":"<p>Transportes FEG\u00d3N ha apostado fuerte por las nuevas tecnolog\u00edas.\u00a0 Gracias a \u00e9stas, hemos conseguido incrementar la velocidad y la calidad de nuestros servicios, as\u00ed como la comunicaci\u00f3n con los clientes. Nuestra empresa dispone acceso digital a las plataformas portuarias, localizaci\u00f3n de los veh\u00edculos en tiempo real, sistemas en comunicaci\u00f3n en tiempo real con los proveedores, &hellip; <a href=\"https:\/\/www.fegon.es\/wordpress\/nuevas-tecnologias\/\" class=\"more-link\">Sigue leyendo <span class=\"screen-reader-text\">Nuevas Tecnolog\u00edas<\/span><\/a><\/p>\n","protected":false},"author":1,"featured_media":0,"parent":0,"menu_order":0,"comment_status":"closed","ping_status":"open","template":"","meta":{"footnotes":""},"class_list":["post-129","page","type-page","status-publish","hentry"],"_links":{"self":[{"href":"https:\/\/www.fegon.es\/wordpress\/wp-json\/wp\/v2\/pages\/129","targetHints":{"allow":["GET"]}}],"collection":[{"href":"https:\/\/www.fegon.es\/wordpress\/wp-json\/wp\/v2\/pages"}],"about":[{"href":"https:\/\/www.fegon.es\/wordpress\/wp-json\/wp\/v2\/types\/page"}],"author":[{"embeddable":true,"href":"https:\/\/www.fegon.es\/wordpress\/wp-json\/wp\/v2\/users\/1"}],"replies":[{"embeddable":true,"href":"https:\/\/www.fegon.es\/wordpress\/wp-json\/wp\/v2\/comments?post=129"}],"version-history":[{"count":2,"href":"https:\/\/www.fegon.es\/wordpress\/wp-json\/wp\/v2\/pages\/129\/revisions"}],"predecessor-version":[{"id":290,"href":"https:\/\/www.fegon.es\/wordpress\/wp-json\/wp\/v2\/pages\/129\/revisions\/290"}],"wp:attachment":[{"href":"https:\/\/www.fegon.es\/wordpress\/wp-json\/wp\/v2\/media?parent=129"}],"curies":[{"name":"wp","href":"https:\/\/api.w.org\/{rel}","templated":true}]}}