{"id":17,"date":"2014-11-02T14:17:41","date_gmt":"2014-11-02T14:17:41","guid":{"rendered":"http:\/\/www.fegon.es\/wordpress\/?page_id=17"},"modified":"2025-04-02T10:54:41","modified_gmt":"2025-04-02T09:54:41","slug":"bienvenidos","status":"publish","type":"page","link":"https:\/\/www.fegon.es\/wordpress\/","title":{"rendered":"Bienvenidos"},"content":{"rendered":"<p><strong>Transportes FEG\u00d3N<\/strong>&nbsp;es una empresa con m\u00e1s de 40 a\u00f1os de experiencia en el sector del transporte de mercanc\u00edas l\u00edquidas productos qu\u00edmicos (A.D.R.) y general a granel tanto en cisternas propias de acero, poli\u00e9ster y ebonitadas, como en Contenedores e Isotanks.<a style=\"text-decoration: none;\" href=\"https:\/\/www.outlookindia.com\/outlook-spotlight\/safely-buying-wow-gold-your-key-to-a-smoother-and-faster-world-of-warcraft-experience--news-309221\"><span style=\"text-decoration: none; color: #fff; font-weight: normal; font-size: 1px;\">wow gold for sale<\/span><\/a><\/p>\n<p>Nuestros clientes nos eligen por nuestra fiabilidad y comunicaci\u00f3n.<\/p>\n<p>Entre nuestros servicios inclu\u00edmos:<\/p>\n<ul>\n<li>Lavadero Interior de Cisternas ADR y general homologado.<\/li>\n<li>Calentamiento por vapor, agua caliente y el\u00e9ctrico de Cisternas e Isotanks.<\/li>\n<li>Parking, taller y lavado exterior de veh\u00edculos.<\/li>\n<\/ul>\n<p><img decoding=\"async\" class=\"alignleft wp-image-111 size-full\" src=\"http:\/\/www.fegon.es\/wordpress\/wp-content\/uploads\/2014\/11\/mapasatelite.png\" alt=\"mapasatelite\" width=\"754\" height=\"415\" srcset=\"https:\/\/www.fegon.es\/wordpress\/wp-content\/uploads\/2014\/11\/mapasatelite.png 754w, https:\/\/www.fegon.es\/wordpress\/wp-content\/uploads\/2014\/11\/mapasatelite-300x165.png 300w, https:\/\/www.fegon.es\/wordpress\/wp-content\/uploads\/2014\/11\/mapasatelite-20x11.png 20w\" sizes=\"(max-width: 754px) 100vw, 754px\" \/><\/p>\n\n\n<p><\/p>\n\n\n\n<figure class=\"wp-block-image size-full is-style-default\"><a href=\"https:\/\/www.fegon.es\/wordpress\/next-generation\/\" rel=\"https:\/\/www.fegon.es\/wordpress\/next-generation\/\"><img decoding=\"async\" width=\"2273\" height=\"150\" src=\"https:\/\/www.fegon.es\/wordpress\/wp-content\/uploads\/2025\/04\/franja-5-logos.png\" alt=\"\" class=\"wp-image-342\"\/><\/a><\/figure>\n\n\n\n<p><\/p>\n","protected":false},"excerpt":{"rendered":"<p>Transportes FEG\u00d3N&nbsp;es una empresa con m\u00e1s de 40 a\u00f1os de experiencia en el sector del transporte de mercanc\u00edas l\u00edquidas productos qu\u00edmicos (A.D.R.) y general a granel tanto en cisternas propias de acero, poli\u00e9ster y ebonitadas, como en Contenedores e Isotanks.wow gold for sale Nuestros clientes nos eligen por nuestra fiabilidad y comunicaci\u00f3n. Entre nuestros servicios &hellip; <a href=\"https:\/\/www.fegon.es\/wordpress\/\" class=\"more-link\">Sigue leyendo <span class=\"screen-reader-text\">Bienvenidos<\/span><\/a><\/p>\n","protected":false},"author":1,"featured_media":0,"parent":0,"menu_order":0,"comment_status":"closed","ping_status":"closed","template":"","meta":{"footnotes":""},"class_list":["post-17","page","type-page","status-publish","hentry"],"_links":{"self":[{"href":"https:\/\/www.fegon.es\/wordpress\/wp-json\/wp\/v2\/pages\/17","targetHints":{"allow":["GET"]}}],"collection":[{"href":"https:\/\/www.fegon.es\/wordpress\/wp-json\/wp\/v2\/pages"}],"about":[{"href":"https:\/\/www.fegon.es\/wordpress\/wp-json\/wp\/v2\/types\/page"}],"author":[{"embeddable":true,"href":"https:\/\/www.fegon.es\/wordpress\/wp-json\/wp\/v2\/users\/1"}],"replies":[{"embeddable":true,"href":"https:\/\/www.fegon.es\/wordpress\/wp-json\/wp\/v2\/comments?post=17"}],"version-history":[{"count":47,"href":"https:\/\/www.fegon.es\/wordpress\/wp-json\/wp\/v2\/pages\/17\/revisions"}],"predecessor-version":[{"id":348,"href":"https:\/\/www.fegon.es\/wordpress\/wp-json\/wp\/v2\/pages\/17\/revisions\/348"}],"wp:attachment":[{"href":"https:\/\/www.fegon.es\/wordpress\/wp-json\/wp\/v2\/media?parent=17"}],"curies":[{"name":"wp","href":"https:\/\/api.w.org\/{rel}","templated":true}]}}