{"id":19,"date":"2014-11-02T14:18:18","date_gmt":"2014-11-02T14:18:18","guid":{"rendered":"http:\/\/www.fegon.es\/wordpress\/?page_id=19"},"modified":"2019-05-06T23:04:35","modified_gmt":"2019-05-06T22:04:35","slug":"quienes-somos","status":"publish","type":"page","link":"https:\/\/www.fegon.es\/wordpress\/quienes-somos\/","title":{"rendered":"Quienes somos"},"content":{"rendered":"<p class=\"normal\" align=\"justify\"><strong>Transportes FEG\u00d3N<\/strong> es una empresa familiar con m\u00e1s de 40 a\u00f1os de experiencia en el sector del transporte nacional de mercanc\u00edas l\u00edquidas en general y productos qu\u00edmicos (A.D.R.) a granel, transporte de Contenedores e Isotanks.<\/p>\n<p class=\"normal\" align=\"justify\">Se constituy\u00f3 como sociedad an\u00f3nima en el a\u00f1o 1987.\u00a0 Nuestra sede est\u00e1 en Barber\u00e0 del Vall\u00e9s, provincia de Barcelona.<\/p>\n<p class=\"normal\" align=\"justify\">En nuestra base disponemos de 3000 metros cuadrados de parking, lavadero interior\/exterior de veh\u00edculos industriales y taller.<\/p>\n<p class=\"normal\" align=\"justify\">Contamos con una flota de tractocamiones,\u00a0 semi-remolques cisterna fabricados en acero, recubiertos de poli\u00e9ster y ebonitados, plataformas de 20, 30, 40 y 45 pies. Disponen de descarga mediante presi\u00f3n de aire y\/o mediante motobomba aut\u00f3noma, y bomba el\u00e9ctrica.<\/p>\n<p class=\"normal\" align=\"justify\">En la actualidad tambi\u00e9n ofrecemos servicios a\u00f1adidos de transporte de contenedores y transporte en tauliner y semi-tauliner.<\/p>\n","protected":false},"excerpt":{"rendered":"<p>Transportes FEG\u00d3N es una empresa familiar con m\u00e1s de 40 a\u00f1os de experiencia en el sector del transporte nacional de mercanc\u00edas l\u00edquidas en general y productos qu\u00edmicos (A.D.R.) a granel, transporte de Contenedores e Isotanks. Se constituy\u00f3 como sociedad an\u00f3nima en el a\u00f1o 1987.\u00a0 Nuestra sede est\u00e1 en Barber\u00e0 del Vall\u00e9s, provincia de Barcelona. En &hellip; <a href=\"https:\/\/www.fegon.es\/wordpress\/quienes-somos\/\" class=\"more-link\">Sigue leyendo <span class=\"screen-reader-text\">Quienes somos<\/span><\/a><\/p>\n","protected":false},"author":1,"featured_media":0,"parent":0,"menu_order":0,"comment_status":"closed","ping_status":"closed","template":"","meta":{"footnotes":""},"class_list":["post-19","page","type-page","status-publish","hentry"],"_links":{"self":[{"href":"https:\/\/www.fegon.es\/wordpress\/wp-json\/wp\/v2\/pages\/19","targetHints":{"allow":["GET"]}}],"collection":[{"href":"https:\/\/www.fegon.es\/wordpress\/wp-json\/wp\/v2\/pages"}],"about":[{"href":"https:\/\/www.fegon.es\/wordpress\/wp-json\/wp\/v2\/types\/page"}],"author":[{"embeddable":true,"href":"https:\/\/www.fegon.es\/wordpress\/wp-json\/wp\/v2\/users\/1"}],"replies":[{"embeddable":true,"href":"https:\/\/www.fegon.es\/wordpress\/wp-json\/wp\/v2\/comments?post=19"}],"version-history":[{"count":4,"href":"https:\/\/www.fegon.es\/wordpress\/wp-json\/wp\/v2\/pages\/19\/revisions"}],"predecessor-version":[{"id":285,"href":"https:\/\/www.fegon.es\/wordpress\/wp-json\/wp\/v2\/pages\/19\/revisions\/285"}],"wp:attachment":[{"href":"https:\/\/www.fegon.es\/wordpress\/wp-json\/wp\/v2\/media?parent=19"}],"curies":[{"name":"wp","href":"https:\/\/api.w.org\/{rel}","templated":true}]}}