{"id":22,"date":"2014-11-02T14:19:06","date_gmt":"2014-11-02T14:19:06","guid":{"rendered":"http:\/\/www.fegon.es\/wordpress\/?page_id=22"},"modified":"2019-05-06T23:05:26","modified_gmt":"2019-05-06T22:05:26","slug":"donde-estamos","status":"publish","type":"page","link":"https:\/\/www.fegon.es\/wordpress\/donde-estamos\/","title":{"rendered":"D\u00f3nde estamos"},"content":{"rendered":"<p class=\"normal\" align=\"justify\"><strong>Transportes FEG\u00d3N<\/strong> cuenta con un recinto de 3000 metros cuadrados para sus instalaciones ubicadas en:<\/p>\n<p>Avenida Torre Mateu, 27-35<br \/>\nPol\u00edgono Industrial Can Salvatella<br \/>\n08210 Barber\u00e0 del Vall\u00e9s &#8211; Barcelona,<\/p>\n<p class=\"normal\" align=\"justify\">un pol\u00edgono industrial que debido a su localizaci\u00f3n en el \u00e1rea de Barcelona y con conexiones directas a las m\u00e1s importantes redes de autov\u00edas, autopistas y carreteras permiten que la empresa pueda realizar servicios de forma urgente en el \u00e1rea de Catalunya y comunidades circundantes.<\/p>\n<p class=\"normal\" align=\"justify\"><a title=\"Transportes Feg\u00f3n\" href=\"https:\/\/www.google.com\/maps\/place\/Transportes+Fegon\/@41.512053,2.151243,14z\/data=!4m2!3m1!1s0x0:0xaa125df57e38171a?hl=es-ES\" target=\"_blank\" rel=\"noopener noreferrer\">Si pulsa aqu\u00ed obtendr\u00e1 informaci\u00f3n a\u00f1adida de c\u00f3mo llegar a nuestras instalaciones utilizando Google Maps.<\/a><\/p>\n<p><iframe loading=\"lazy\" style=\"border: 0;\" src=\"https:\/\/www.google.com\/maps\/embed?pb=!1m18!1m12!1m3!1d2987.698870801716!2d2.1496339999999967!3d41.510800000000025!2m3!1f0!2f0!3f0!3m2!1i1024!2i768!4f13.1!3m3!1m2!1s0x12a4bd1bea6004a1%3A0xaa125df57e38171a!2sTransportes+Fegon!5e0!3m2!1ses!2ses!4v1415023183188\" width=\"600\" height=\"450\" frameborder=\"0\"><\/iframe><\/p>\n","protected":false},"excerpt":{"rendered":"<p>Transportes FEG\u00d3N cuenta con un recinto de 3000 metros cuadrados para sus instalaciones ubicadas en: Avenida Torre Mateu, 27-35 Pol\u00edgono Industrial Can Salvatella 08210 Barber\u00e0 del Vall\u00e9s &#8211; Barcelona, un pol\u00edgono industrial que debido a su localizaci\u00f3n en el \u00e1rea de Barcelona y con conexiones directas a las m\u00e1s importantes redes de autov\u00edas, autopistas y &hellip; <a href=\"https:\/\/www.fegon.es\/wordpress\/donde-estamos\/\" class=\"more-link\">Sigue leyendo <span class=\"screen-reader-text\">D\u00f3nde estamos<\/span><\/a><\/p>\n","protected":false},"author":1,"featured_media":0,"parent":0,"menu_order":0,"comment_status":"closed","ping_status":"closed","template":"","meta":{"footnotes":""},"class_list":["post-22","page","type-page","status-publish","hentry"],"_links":{"self":[{"href":"https:\/\/www.fegon.es\/wordpress\/wp-json\/wp\/v2\/pages\/22","targetHints":{"allow":["GET"]}}],"collection":[{"href":"https:\/\/www.fegon.es\/wordpress\/wp-json\/wp\/v2\/pages"}],"about":[{"href":"https:\/\/www.fegon.es\/wordpress\/wp-json\/wp\/v2\/types\/page"}],"author":[{"embeddable":true,"href":"https:\/\/www.fegon.es\/wordpress\/wp-json\/wp\/v2\/users\/1"}],"replies":[{"embeddable":true,"href":"https:\/\/www.fegon.es\/wordpress\/wp-json\/wp\/v2\/comments?post=22"}],"version-history":[{"count":4,"href":"https:\/\/www.fegon.es\/wordpress\/wp-json\/wp\/v2\/pages\/22\/revisions"}],"predecessor-version":[{"id":286,"href":"https:\/\/www.fegon.es\/wordpress\/wp-json\/wp\/v2\/pages\/22\/revisions\/286"}],"wp:attachment":[{"href":"https:\/\/www.fegon.es\/wordpress\/wp-json\/wp\/v2\/media?parent=22"}],"curies":[{"name":"wp","href":"https:\/\/api.w.org\/{rel}","templated":true}]}}