{"id":24,"date":"2014-11-02T14:19:34","date_gmt":"2014-11-02T14:19:34","guid":{"rendered":"http:\/\/www.fegon.es\/wordpress\/?page_id=24"},"modified":"2023-09-30T14:47:52","modified_gmt":"2023-09-30T13:47:52","slug":"certificaciones","status":"publish","type":"page","link":"https:\/\/www.fegon.es\/wordpress\/certificaciones\/","title":{"rendered":"Certificaciones"},"content":{"rendered":"<p><strong>Transportes FEG\u00d3N<\/strong> ha obtenido la certificaci\u00f3n ISO-9001:2015 de la acreditada compa\u00f1\u00eda de certificaci\u00f3n SGS.<\/p>\n<p>Nuestras instalaciones de lavado tambi\u00e9n han obtenido las correspondientes verificaciones por parte de SGS\u00a0 (ISO), T\u00dcV (Lavadero Interior de Cisternas ADR), REIC,\u00a0 Feique y CETM, adem\u00e1s de las\u00a0 correspondientes Licencias Ambientales de la Generalitat y permisos de los correspondientes ayuntamientos.<\/p>\n<p><img decoding=\"async\" class=\"aligncenter wp-image-311 size-thumbnail\" src=\"https:\/\/www.fegon.es\/wordpress\/wp-content\/uploads\/2023\/09\/SGS-ISO-9001-COLOR-150x150.png\" alt=\"\" width=\"150\" height=\"150\" srcset=\"https:\/\/www.fegon.es\/wordpress\/wp-content\/uploads\/2023\/09\/SGS-ISO-9001-COLOR-150x150.png 150w, https:\/\/www.fegon.es\/wordpress\/wp-content\/uploads\/2023\/09\/SGS-ISO-9001-COLOR-20x20.png 20w\" sizes=\"(max-width: 150px) 100vw, 150px\" \/><\/p>\n<p><a href=\"http:\/\/www.fegon.es\/wordpress\/wp-content\/uploads\/2014\/11\/tuv.png\"><img decoding=\"async\" class=\"size-full wp-image-121 aligncenter\" src=\"http:\/\/www.fegon.es\/wordpress\/wp-content\/uploads\/2014\/11\/tuv.png\" alt=\"tuv\" width=\"188\" height=\"35\" srcset=\"https:\/\/www.fegon.es\/wordpress\/wp-content\/uploads\/2014\/11\/tuv.png 188w, https:\/\/www.fegon.es\/wordpress\/wp-content\/uploads\/2014\/11\/tuv-20x4.png 20w\" sizes=\"(max-width: 188px) 100vw, 188px\" \/><\/a><\/p>\n<p><a href=\"http:\/\/www.fegon.es\/wordpress\/wp-content\/uploads\/2014\/11\/logofeique.jpg\"><img decoding=\"async\" class=\"size-full wp-image-119 aligncenter\" src=\"http:\/\/www.fegon.es\/wordpress\/wp-content\/uploads\/2014\/11\/logofeique.jpg\" alt=\"logofeique\" width=\"265\" height=\"72\" srcset=\"https:\/\/www.fegon.es\/wordpress\/wp-content\/uploads\/2014\/11\/logofeique.jpg 265w, https:\/\/www.fegon.es\/wordpress\/wp-content\/uploads\/2014\/11\/logofeique-20x5.jpg 20w\" sizes=\"(max-width: 265px) 100vw, 265px\" \/><\/a><\/p>\n<p><a href=\"http:\/\/www.fegon.es\/wordpress\/wp-content\/uploads\/2014\/11\/reic.jpg\"><img decoding=\"async\" class=\"size-full wp-image-120 aligncenter\" src=\"http:\/\/www.fegon.es\/wordpress\/wp-content\/uploads\/2014\/11\/reic.jpg\" alt=\"reic\" width=\"84\" height=\"84\" srcset=\"https:\/\/www.fegon.es\/wordpress\/wp-content\/uploads\/2014\/11\/reic.jpg 84w, https:\/\/www.fegon.es\/wordpress\/wp-content\/uploads\/2014\/11\/reic-20x20.jpg 20w\" sizes=\"(max-width: 84px) 100vw, 84px\" \/><\/a><\/p>\n<p><a href=\"http:\/\/www.fegon.es\/wordpress\/wp-content\/uploads\/2014\/11\/cetm.jpg\"><img decoding=\"async\" class=\"size-full wp-image-118 aligncenter\" src=\"http:\/\/www.fegon.es\/wordpress\/wp-content\/uploads\/2014\/11\/cetm.jpg\" alt=\"cetm\" width=\"176\" height=\"90\" srcset=\"https:\/\/www.fegon.es\/wordpress\/wp-content\/uploads\/2014\/11\/cetm.jpg 176w, https:\/\/www.fegon.es\/wordpress\/wp-content\/uploads\/2014\/11\/cetm-20x10.jpg 20w\" sizes=\"(max-width: 176px) 100vw, 176px\" \/><\/a><\/p>\n<p style=\"text-align: center;\"><a href=\"http:\/\/www.feique.org\/\">\u00a0<\/a><\/p>\n","protected":false},"excerpt":{"rendered":"<p>Transportes FEG\u00d3N ha obtenido la certificaci\u00f3n ISO-9001:2015 de la acreditada compa\u00f1\u00eda de certificaci\u00f3n SGS. Nuestras instalaciones de lavado tambi\u00e9n han obtenido las correspondientes verificaciones por parte de SGS\u00a0 (ISO), T\u00dcV (Lavadero Interior de Cisternas ADR), REIC,\u00a0 Feique y CETM, adem\u00e1s de las\u00a0 correspondientes Licencias Ambientales de la Generalitat y permisos de los correspondientes ayuntamientos. \u00a0<\/p>\n","protected":false},"author":1,"featured_media":0,"parent":0,"menu_order":0,"comment_status":"closed","ping_status":"closed","template":"","meta":{"footnotes":""},"class_list":["post-24","page","type-page","status-publish","hentry"],"_links":{"self":[{"href":"https:\/\/www.fegon.es\/wordpress\/wp-json\/wp\/v2\/pages\/24","targetHints":{"allow":["GET"]}}],"collection":[{"href":"https:\/\/www.fegon.es\/wordpress\/wp-json\/wp\/v2\/pages"}],"about":[{"href":"https:\/\/www.fegon.es\/wordpress\/wp-json\/wp\/v2\/types\/page"}],"author":[{"embeddable":true,"href":"https:\/\/www.fegon.es\/wordpress\/wp-json\/wp\/v2\/users\/1"}],"replies":[{"embeddable":true,"href":"https:\/\/www.fegon.es\/wordpress\/wp-json\/wp\/v2\/comments?post=24"}],"version-history":[{"count":6,"href":"https:\/\/www.fegon.es\/wordpress\/wp-json\/wp\/v2\/pages\/24\/revisions"}],"predecessor-version":[{"id":312,"href":"https:\/\/www.fegon.es\/wordpress\/wp-json\/wp\/v2\/pages\/24\/revisions\/312"}],"wp:attachment":[{"href":"https:\/\/www.fegon.es\/wordpress\/wp-json\/wp\/v2\/media?parent=24"}],"curies":[{"name":"wp","href":"https:\/\/api.w.org\/{rel}","templated":true}]}}