{"id":258,"date":"2019-02-22T16:44:53","date_gmt":"2019-02-22T15:44:53","guid":{"rendered":"https:\/\/www.fegon.es\/wordpress\/?page_id=258"},"modified":"2025-05-14T09:35:22","modified_gmt":"2025-05-14T08:35:22","slug":"politica-de-calidad","status":"publish","type":"page","link":"https:\/\/www.fegon.es\/wordpress\/politica-de-calidad\/","title":{"rendered":"Pol\u00edtica de calidad"},"content":{"rendered":"\n<p>La actividad que Transportes Feg\u00f3n, S.A.U considera conforme a la calidad exigida seg\u00fan la Norma Internacional ISO 9001:2015 es:<\/p>\n\n\n\n<p><strong>ALCANCE<\/strong><\/p>\n\n\n\n<ul class=\"wp-block-list\">\n<li><em>Transporte de mercanc\u00edas por carretera ADR y no ADR<\/em><\/li>\n\n\n\n<li><em>Lavado interior de cisternas<\/em><\/li>\n<\/ul>\n\n\n\n<p>La declaraci\u00f3n de Pol\u00edtica recoge como l\u00edneas maestras:<br><\/p>\n\n\n\n<ol class=\"wp-block-list\">\n<li>Compromiso en cumplir los requisitos aplicables.<\/li>\n\n\n\n<li>A partir de l\u00edneas estrat\u00e9gicas definidas en el an\u00e1lisis de contexto realizado, se han definido los objetivos de la empresa los cuales se han difundido en todos los niveles de nuestra estructura.<\/li>\n\n\n\n<li>Implantar los indicadores de Calidad, as\u00ed como realizar un seguimiento del nivel de progreso de los mismos, de forma que nos permita conocer y asegurar el producto y el nivel de calidad deseado por nuestro cliente. <\/li>\n\n\n\n<li>Velar para que las condiciones de trabajo sean \u00f3ptimas mediante la evaluaci\u00f3n de los riesgos que pueden producirse en los procesos, eliminando en lo posible los mismos y reduciendo los evaluados.<\/li>\n\n\n\n<li>Desarrollar los programas de formaci\u00f3n continua tendentes a la mejor cualificaci\u00f3n de nuestros trabajadores, implicando as\u00ed a todo el personal en la consecuci\u00f3n de todos los objetivos establecidos en el presente documento.<\/li>\n\n\n\n<li>Compromiso para la mejora continua del sistema de gesti\u00f3n implantado en la empresa.<\/li>\n\n\n\n<li>Fomentar y conseguir un ambiente motivador de todos los miembros de la empresa.<\/li>\n\n\n\n<li>Fomentar la conducci\u00f3n responsable.<\/li>\n<\/ol>\n\n\n\n<p>La Direcci\u00f3n hace esta pol\u00edtica accesible y la pone a disposici\u00f3n de sus clientes, todos sus empleados, proveedores y partes interesadas. <br><\/p>\n\n\n\n<p>La Pol\u00edtica se mantiene al d\u00eda mediante revisiones peri\u00f3dicas, coincidiendo con las revisiones del sistema por parte de la direcci\u00f3n, con el fin de que tenga en cuenta los cambios en las condiciones del entorno y la informaci\u00f3n recibida. En ese sentido la direcci\u00f3n proporciona y proporcionar\u00e1 todos los medios humanos, t\u00e9cnicos y econ\u00f3micos necesarios para alcanzar los objetivos y metas que se establezcan programada y peri\u00f3dicamente.<br><\/p>\n\n\n\n<p><strong><em>\u00d3scar Gonz\u00e1lez \u00c1lvarez<\/em><\/strong><br>Director General<\/p>\n\n\n\n<div class=\"wp-block-columns has-2-columns is-layout-flex wp-container-core-columns-is-layout-9d6595d7 wp-block-columns-is-layout-flex\">\n<div class=\"wp-block-column is-layout-flow wp-block-column-is-layout-flow\">\n<p>Fecha: 02\/04\/2025<\/p>\n<\/div>\n\n\n\n<div class=\"wp-block-column is-layout-flow wp-block-column-is-layout-flow\">\n<p class=\"has-text-align-right\">Edici\u00f3n 2<\/p>\n<\/div>\n<\/div>\n","protected":false},"excerpt":{"rendered":"<p>La actividad que Transportes Feg\u00f3n, S.A.U considera conforme a la calidad exigida seg\u00fan la Norma Internacional ISO 9001:2015 es: ALCANCE La declaraci\u00f3n de Pol\u00edtica recoge como l\u00edneas maestras: La Direcci\u00f3n hace esta pol\u00edtica accesible y la pone a disposici\u00f3n de sus clientes, todos sus empleados, proveedores y partes interesadas. La Pol\u00edtica se mantiene al d\u00eda &hellip; <a href=\"https:\/\/www.fegon.es\/wordpress\/politica-de-calidad\/\" class=\"more-link\">Sigue leyendo <span class=\"screen-reader-text\">Pol\u00edtica de calidad<\/span><\/a><\/p>\n","protected":false},"author":1,"featured_media":0,"parent":0,"menu_order":0,"comment_status":"closed","ping_status":"closed","template":"","meta":{"footnotes":""},"class_list":["post-258","page","type-page","status-publish","hentry"],"_links":{"self":[{"href":"https:\/\/www.fegon.es\/wordpress\/wp-json\/wp\/v2\/pages\/258","targetHints":{"allow":["GET"]}}],"collection":[{"href":"https:\/\/www.fegon.es\/wordpress\/wp-json\/wp\/v2\/pages"}],"about":[{"href":"https:\/\/www.fegon.es\/wordpress\/wp-json\/wp\/v2\/types\/page"}],"author":[{"embeddable":true,"href":"https:\/\/www.fegon.es\/wordpress\/wp-json\/wp\/v2\/users\/1"}],"replies":[{"embeddable":true,"href":"https:\/\/www.fegon.es\/wordpress\/wp-json\/wp\/v2\/comments?post=258"}],"version-history":[{"count":11,"href":"https:\/\/www.fegon.es\/wordpress\/wp-json\/wp\/v2\/pages\/258\/revisions"}],"predecessor-version":[{"id":353,"href":"https:\/\/www.fegon.es\/wordpress\/wp-json\/wp\/v2\/pages\/258\/revisions\/353"}],"wp:attachment":[{"href":"https:\/\/www.fegon.es\/wordpress\/wp-json\/wp\/v2\/media?parent=258"}],"curies":[{"name":"wp","href":"https:\/\/api.w.org\/{rel}","templated":true}]}}